{"id":85,"date":"2026-01-02T19:32:25","date_gmt":"2026-01-02T18:32:25","guid":{"rendered":"http:\/\/localhost\/?page_id=85"},"modified":"2026-02-19T20:47:24","modified_gmt":"2026-02-19T20:47:24","slug":"questions-frequentes","status":"publish","type":"page","link":"https:\/\/paristaekwondoclub.fr\/index.php\/questions-frequentes\/","title":{"rendered":"Questions fr\u00e9quentes"},"content":{"rendered":"\n<h2 class=\"wp-block-heading\" id=\"h.gg83yainq0gh_l\"><strong>Puis-je venir assister \u00e0 un cours d&#8217;essai&nbsp;?<\/strong><\/h2>\n\n\n\n<p>Toute personne curieuse de la pratique du Taekwon-Do ITF et qui souhaite s&#8217;y essayer est la bienvenue ! Vous pouvez nous contacter afin de pr\u00e9voir la place et le materiel n\u00e9cessaire via les r\u00e9seaux sociaux, soit via notre adresse email : <em>paris.tkd.club@gmail.com<\/em><\/p>\n\n\n\n<h2 class=\"wp-block-heading\" id=\"h.l4sh1vo1baxr_l\"><strong>Je fais partie d&#8217;un autre club ITF, puis-je tout de m\u00eame venir&nbsp;?<\/strong><\/h2>\n\n\n\n<p>Tous les pratiquants.es ITF sont les bienvenus.<\/p>\n\n\n\n<h2 class=\"wp-block-heading\" id=\"h.hwgkz8679s85_l\"><strong>Quel est le tarif ?&nbsp;<\/strong><\/h2>\n\n\n\n<ul class=\"wp-block-list\">\n<li>Tarif plein annuel : 325 \u20ac\n<ul class=\"wp-block-list\">\n<li>Paiement possible en 1, 3 \u00e0 5 fois par ch\u00e8que<\/li>\n\n\n\n<li>Paiement possible via HelloAsso en 1, 3 ou 10 fois par retrait bancaire lors de l&#8217;inscription en ligne : <a href=\"https:\/\/www.helloasso.com\/associations\/taekwon-do-itf-paris-sud\" target=\"_blank\" rel=\"noreferrer noopener\"><em>https:\/\/www.helloasso.com\/associations\/taekwon-do-itf-paris-sud<\/em><\/a><\/li>\n<\/ul>\n<\/li>\n\n\n\n<li>Tarif r\u00e9duit<sup>1<\/sup> annuel : 250 \u20ac (sous justificatif)&nbsp;<\/li>\n\n\n\n<li>Tarif plein mensuel : 30\u20ac\/mois<\/li>\n<\/ul>\n\n\n\n<p><em><sup>1<\/sup>\u00e9tudiants, personnes en situation de handicap, personnes en recherche d&#8217;emploi<\/em><\/p>\n\n\n\n<p><\/p>\n","protected":false},"excerpt":{"rendered":"<p>Puis-je venir assister \u00e0 un cours d&#8217;essai&nbsp;? Toute personne curieuse de la pratique du Taekwon-Do ITF et qui souhaite s&#8217;y essayer est la bienvenue ! Vous pouvez nous contacter afin de pr\u00e9voir la place et le materiel n\u00e9cessaire via les r\u00e9seaux sociaux, soit via notre adresse email : paris.tkd.club@gmail.com Je fais partie d&#8217;un autre club &hellip; <\/p>\n<p class=\"link-more\"><a href=\"https:\/\/paristaekwondoclub.fr\/index.php\/questions-frequentes\/\" class=\"more-link\">Continue reading<span class=\"screen-reader-text\"> &#8220;Questions fr\u00e9quentes&#8221;<\/span><\/a><\/p>\n","protected":false},"author":1,"featured_media":0,"parent":0,"menu_order":0,"comment_status":"closed","ping_status":"closed","template":"","meta":{"footnotes":""},"class_list":["post-85","page","type-page","status-publish","hentry"],"_links":{"self":[{"href":"https:\/\/paristaekwondoclub.fr\/index.php\/wp-json\/wp\/v2\/pages\/85","targetHints":{"allow":["GET"]}}],"collection":[{"href":"https:\/\/paristaekwondoclub.fr\/index.php\/wp-json\/wp\/v2\/pages"}],"about":[{"href":"https:\/\/paristaekwondoclub.fr\/index.php\/wp-json\/wp\/v2\/types\/page"}],"author":[{"embeddable":true,"href":"https:\/\/paristaekwondoclub.fr\/index.php\/wp-json\/wp\/v2\/users\/1"}],"replies":[{"embeddable":true,"href":"https:\/\/paristaekwondoclub.fr\/index.php\/wp-json\/wp\/v2\/comments?post=85"}],"version-history":[{"count":1,"href":"https:\/\/paristaekwondoclub.fr\/index.php\/wp-json\/wp\/v2\/pages\/85\/revisions"}],"predecessor-version":[{"id":258,"href":"https:\/\/paristaekwondoclub.fr\/index.php\/wp-json\/wp\/v2\/pages\/85\/revisions\/258"}],"wp:attachment":[{"href":"https:\/\/paristaekwondoclub.fr\/index.php\/wp-json\/wp\/v2\/media?parent=85"}],"curies":[{"name":"wp","href":"https:\/\/api.w.org\/{rel}","templated":true}]}}