{"id":35,"date":"2026-01-02T18:40:06","date_gmt":"2026-01-02T17:40:06","guid":{"rendered":"http:\/\/localhost\/?page_id=35"},"modified":"2026-02-21T00:13:32","modified_gmt":"2026-02-21T00:13:32","slug":"contact","status":"publish","type":"page","link":"https:\/\/paristaekwondoclub.fr\/index.php\/contact\/","title":{"rendered":"Contact"},"content":{"rendered":"\n<h2 class=\"wp-block-heading has-text-align-center\"><strong>Vous souhaitez nous rejoindre ?&nbsp;<\/strong><\/h2>\n\n\n\n<p><em>N&#8217;h\u00e9sitez pas \u00e0 remplir le formulaire accessible via le lien ci-dessous&nbsp;et nous reprendrons contact avec vous<\/em>.<\/p>\n\n\n\n<p class=\"has-text-align-center\"><a href=\"https:\/\/forms.gle\/XMv7jsFw7TfwCMcg9\" data-type=\"link\" data-id=\"https:\/\/forms.gle\/XMv7jsFw7TfwCMcg9\">Cliquez ici pour nous rejoindre<\/a><\/p>\n\n\n\n<p><\/p>\n\n\n<div class=\"wp-block-image is-style-rounded\">\n<figure class=\"aligncenter size-large is-resized\"><img decoding=\"async\" src=\"http:\/\/paristaekwondoclub.fr\/wp-content\/uploads\/2026\/01\/unnamed_preview_rev_1.png\" alt=\"\" class=\"wp-image-122\" style=\"aspect-ratio:1.0940919037199124;width:151px;height:auto\"\/><\/figure>\n<\/div>\n\n\n<h2 class=\"wp-block-heading has-text-align-center\"><strong>Nous sommes sur les r\u00e9seaux sociaux ! <\/strong><\/h2>\n\n\n\n<p><strong>N&#8217;h\u00e9sitez pas \u00e0 nous suivre :<\/strong><br>Paris Taekwon-Do Club : <img decoding=\"async\" class=\"wp-image-184\" style=\"width: 20px;\" src=\"http:\/\/paristaekwondoclub.fr\/wp-content\/uploads\/2026\/02\/instagram-icon-logo-symbol-free-png-2456724699.jpg\" alt=\"\"> <a href=\"https:\/\/www.instagram.com\/paris.tkd.club?utm_source=qr&amp;igsh=dTJtYTJpdG92bmEy\" data-type=\"link\" data-id=\"https:\/\/www.instagram.com\/paris.tkd.club?utm_source=qr&amp;igsh=dTJtYTJpdG92bmEy\">Instagram<\/a> \/ <img decoding=\"async\" class=\"wp-image-182\" style=\"width: 20px;\" src=\"http:\/\/paristaekwondoclub.fr\/wp-content\/uploads\/2026\/02\/facebook-icon-ios-facebook-social-media-logo-on-white-background-free-free-vector-2279241189.jpg\" alt=\"\"> <a href=\"https:\/\/www.facebook.com\/share\/1GEs3UJUAX\/\" data-type=\"link\" data-id=\"https:\/\/www.facebook.com\/share\/1GEs3UJUAX\/\">Facebook<\/a><\/p>\n\n\n\n<h2 class=\"wp-block-heading has-text-align-center\"><strong>Vous avez des questions?<\/strong><br><\/h2>\n\n\n\n<p>Vous pouvez nous contacter \u00e0 l&#8217;adresse suivante<strong>:<\/strong> <em><strong>paris.tkd.club@gmail.com&nbsp;<\/strong><\/em><\/p>\n\n\n<div class=\"wp-block-image\">\n<figure class=\"aligncenter size-full is-resized\"><img decoding=\"async\" src=\"http:\/\/paristaekwondoclub.fr\/wp-content\/uploads\/2026\/02\/media-2793636536.jpg\" alt=\"\" class=\"wp-image-187\" style=\"width:147px;height:auto\"\/><\/figure>\n<\/div>\n\n\n<p class=\"has-text-align-center\">ITF france :  <img decoding=\"async\" class=\"wp-image-184\" style=\"width: 20px;\" src=\"http:\/\/paristaekwondoclub.fr\/wp-content\/uploads\/2026\/02\/instagram-icon-logo-symbol-free-png-2456724699.jpg\" alt=\"\"> <a href=\"https:\/\/www.instagram.com\/tkd_itf_france\" data-type=\"link\" data-id=\"https:\/\/www.instagram.com\/tkd_itf_france\">Instagram<\/a><\/p>\n\n\n\n<p><\/p>\n","protected":false},"excerpt":{"rendered":"<p>Vous souhaitez nous rejoindre ?&nbsp; N&#8217;h\u00e9sitez pas \u00e0 remplir le formulaire accessible via le lien ci-dessous&nbsp;et nous reprendrons contact avec vous. Cliquez ici pour nous rejoindre Nous sommes sur les r\u00e9seaux sociaux ! N&#8217;h\u00e9sitez pas \u00e0 nous suivre :Paris Taekwon-Do Club : Instagram \/ Facebook Vous avez des questions? Vous pouvez nous contacter \u00e0 l&#8217;adresse &hellip; <\/p>\n<p class=\"link-more\"><a href=\"https:\/\/paristaekwondoclub.fr\/index.php\/contact\/\" class=\"more-link\">Continue reading<span class=\"screen-reader-text\"> &#8220;Contact&#8221;<\/span><\/a><\/p>\n","protected":false},"author":1,"featured_media":0,"parent":0,"menu_order":0,"comment_status":"closed","ping_status":"closed","template":"","meta":{"footnotes":""},"class_list":["post-35","page","type-page","status-publish","hentry"],"_links":{"self":[{"href":"https:\/\/paristaekwondoclub.fr\/index.php\/wp-json\/wp\/v2\/pages\/35","targetHints":{"allow":["GET"]}}],"collection":[{"href":"https:\/\/paristaekwondoclub.fr\/index.php\/wp-json\/wp\/v2\/pages"}],"about":[{"href":"https:\/\/paristaekwondoclub.fr\/index.php\/wp-json\/wp\/v2\/types\/page"}],"author":[{"embeddable":true,"href":"https:\/\/paristaekwondoclub.fr\/index.php\/wp-json\/wp\/v2\/users\/1"}],"replies":[{"embeddable":true,"href":"https:\/\/paristaekwondoclub.fr\/index.php\/wp-json\/wp\/v2\/comments?post=35"}],"version-history":[{"count":7,"href":"https:\/\/paristaekwondoclub.fr\/index.php\/wp-json\/wp\/v2\/pages\/35\/revisions"}],"predecessor-version":[{"id":344,"href":"https:\/\/paristaekwondoclub.fr\/index.php\/wp-json\/wp\/v2\/pages\/35\/revisions\/344"}],"wp:attachment":[{"href":"https:\/\/paristaekwondoclub.fr\/index.php\/wp-json\/wp\/v2\/media?parent=35"}],"curies":[{"name":"wp","href":"https:\/\/api.w.org\/{rel}","templated":true}]}}