{"id":34,"date":"2026-01-02T18:40:06","date_gmt":"2026-01-02T17:40:06","guid":{"rendered":"http:\/\/localhost\/?page_id=34"},"modified":"2026-02-21T00:13:03","modified_gmt":"2026-02-21T00:13:03","slug":"a-propos-de","status":"publish","type":"page","link":"https:\/\/paristaekwondoclub.fr\/index.php\/a-propos-de\/","title":{"rendered":"\u00c0 propos du club"},"content":{"rendered":"\n<h2 class=\"wp-block-heading has-text-align-center\"><strong>Nos valeurs<\/strong><\/h2>\n\n\n\n<p>Les membres du club Paris Taekwon-Do Club&nbsp;se rassemblent autour des valeurs du Taekwon-Do :&nbsp;<strong><em>courtoisie, int\u00e9grit\u00e9, pers\u00e9v\u00e9rance, contr\u00f4le de soi et courage\/esprit indomptable<\/em><\/strong><em>.<\/em>&nbsp;Ces principes guident notre pratique et nourrissent notre objectif commun : progresser ensemble dans le respect et la passion du Taekwon-Do&nbsp;ITF.<\/p>\n\n\n<div class=\"wp-block-image\">\n<figure class=\"aligncenter size-full\"><img decoding=\"async\" src=\"http:\/\/paristaekwondoclub.fr\/wp-content\/uploads\/2026\/01\/serment_eleve_credo.png\" alt=\"\" class=\"wp-image-97\"\/><figcaption class=\"wp-element-caption\">Serment de l&#8217;\u00e9l\u00e8ve et le cr\u00e9do<\/figcaption><\/figure>\n<\/div>\n\n\n<h2 class=\"wp-block-heading has-text-align-center\"><strong>Historique du club<\/strong><\/h2>\n\n\n\n<p>Paris Taekwon-Do club est n\u00e9 de la volont\u00e9 de transmettre le Taekwon-Do ITF, art martial fond\u00e9 en 1955 par le G\u00e9n\u00e9ral Choi Hong Hi.<br>Le club s\u2019ancre dans la tradition cor\u00e9enne du Taekwon-Do ITF tout en l\u2019adaptant \u00e0 un cadre associatif ouvert \u00e0 toutes et tous.<br>Cr\u00e9\u00e9 par des passionn\u00e9.es, il repose sur l\u2019id\u00e9e que la pratique est \u00e0 la fois un chemin \u00e9ducatif, sportif et humain, o\u00f9 discipline et partage vont de pair.<\/p>\n\n\n<div class=\"wp-block-image\">\n<figure class=\"aligncenter size-full\"><img decoding=\"async\" src=\"http:\/\/paristaekwondoclub.fr\/wp-content\/uploads\/2026\/01\/general_choi.jpg\" alt=\"\" class=\"wp-image-101\"\/><figcaption class=\"wp-element-caption\">G\u00e9n\u00e9ral Choi Hong-hi : fondateur du Taekwon-Do<\/figcaption><\/figure>\n<\/div>\n\n\n<p>En 2025, face \u00e0 l\u2019engouement grandissant pour le Taekwon-Do ITF en \u00cele-de-France, Paris Taekwon-Do Club a vu le jour.<\/p>\n\n\n\n<p>L\u2019objectif est la continuit\u00e9 et l\u2019expansion du Taekwon-Do ITF, afin de donner \u00e0 chacun l\u2019opportunit\u00e9 de progresser dans un cadre structur\u00e9 et fid\u00e8le aux valeurs martiales.<\/p>\n\n\n\n<h2 class=\"wp-block-heading has-text-align-center\"><strong>Nos engagements<\/strong><p><\/p><\/h2>\n\n\n\n<p>Paris Taekwon-Do Club&nbsp;transmet un programme sportif et p\u00e9dagogique exigeant, fond\u00e9 sur les valeurs du Taekwon-Do.<br>Ouvert \u00e0 toutes et tous, le club valorise l\u2019inclusion, la diversit\u00e9 et la place des femmes.<br>Port\u00e9 par des pratiquants.es passionn\u00e9s.es, notre club se mesure \u00e0 travers les comp\u00e9titions nationales et internationales, o\u00f9 les membres peuvent y porter les couleurs du club.<\/p>\n","protected":false},"excerpt":{"rendered":"<p>Nos valeurs Les membres du club Paris Taekwon-Do Club&nbsp;se rassemblent autour des valeurs du Taekwon-Do :&nbsp;courtoisie, int\u00e9grit\u00e9, pers\u00e9v\u00e9rance, contr\u00f4le de soi et courage\/esprit indomptable.&nbsp;Ces principes guident notre pratique et nourrissent notre objectif commun : progresser ensemble dans le respect et la passion du Taekwon-Do&nbsp;ITF. Historique du club Paris Taekwon-Do club est n\u00e9 de la volont\u00e9 &hellip; <\/p>\n<p class=\"link-more\"><a href=\"https:\/\/paristaekwondoclub.fr\/index.php\/a-propos-de\/\" class=\"more-link\">Continue reading<span class=\"screen-reader-text\"> &#8220;\u00c0 propos du club&#8221;<\/span><\/a><\/p>\n","protected":false},"author":1,"featured_media":159,"parent":0,"menu_order":0,"comment_status":"closed","ping_status":"closed","template":"","meta":{"footnotes":""},"class_list":["post-34","page","type-page","status-publish","has-post-thumbnail","hentry"],"_links":{"self":[{"href":"https:\/\/paristaekwondoclub.fr\/index.php\/wp-json\/wp\/v2\/pages\/34","targetHints":{"allow":["GET"]}}],"collection":[{"href":"https:\/\/paristaekwondoclub.fr\/index.php\/wp-json\/wp\/v2\/pages"}],"about":[{"href":"https:\/\/paristaekwondoclub.fr\/index.php\/wp-json\/wp\/v2\/types\/page"}],"author":[{"embeddable":true,"href":"https:\/\/paristaekwondoclub.fr\/index.php\/wp-json\/wp\/v2\/users\/1"}],"replies":[{"embeddable":true,"href":"https:\/\/paristaekwondoclub.fr\/index.php\/wp-json\/wp\/v2\/comments?post=34"}],"version-history":[{"count":10,"href":"https:\/\/paristaekwondoclub.fr\/index.php\/wp-json\/wp\/v2\/pages\/34\/revisions"}],"predecessor-version":[{"id":343,"href":"https:\/\/paristaekwondoclub.fr\/index.php\/wp-json\/wp\/v2\/pages\/34\/revisions\/343"}],"wp:featuredmedia":[{"embeddable":true,"href":"https:\/\/paristaekwondoclub.fr\/index.php\/wp-json\/wp\/v2\/media\/159"}],"wp:attachment":[{"href":"https:\/\/paristaekwondoclub.fr\/index.php\/wp-json\/wp\/v2\/media?parent=34"}],"curies":[{"name":"wp","href":"https:\/\/api.w.org\/{rel}","templated":true}]}}