{"id":33,"date":"2026-01-02T18:40:06","date_gmt":"2026-01-02T17:40:06","guid":{"rendered":"http:\/\/localhost\/?page_id=33"},"modified":"2026-02-21T00:16:28","modified_gmt":"2026-02-21T00:16:28","slug":"accueil","status":"publish","type":"page","link":"https:\/\/paristaekwondoclub.fr\/","title":{"rendered":"Notre association"},"content":{"rendered":"\n<h2 class=\"wp-block-heading has-text-align-center\"><strong>Notre affiliation \u00e0 l\u2019International Taekwon-Do Federation<\/strong><\/h2>\n\n\n\n<p><em>Nous sommes une association sportive d\u00e9clar\u00e9e en Pr\u00e9fecture qui promeut le Taekwon-Do ITF, art-martial cor\u00e9en, alliant tradition et valeurs \u00e9ducatives.<\/em><\/p>\n\n\n\n<p>Notre club est affili\u00e9 \u00e0 l\u2019International Taekwon-Do Federation (ITF), organisation fond\u00e9e par le G\u00e9n\u00e9ral Choi Hong Hi, cr\u00e9ateur du Taekwon-Do.<br>L\u2019ITF a pour mission de pr\u00e9server l\u2019enseignement originel de cet art martial cor\u00e9en, en transmettant ses valeurs techniques, \u00e9ducatives et morales.<\/p>\n\n\n\n<p>Nous pratiquons un Taekwon-Do fid\u00e8le \u00e0 sa tradition : un art martial complet qui d\u00e9veloppe autant le corps que l\u2019esprit, bas\u00e9 sur le respect, la pers\u00e9v\u00e9rance, la ma\u00eetrise de soi et l\u2019int\u00e9grit\u00e9.<\/p>\n\n\n\n<p><em>Notre club permet aux adh\u00e9rents de Paris et sa r\u00e9gion de pratiquer un Taekwon-Do de style ITF.&nbsp; Des pratiquants de diff\u00e9rents horizons et cultures, de passages \u00e0 Paris ou install\u00e9s pour une longue dur\u00e9e sont pr\u00e9sents au sein du club et peuvent ainsi continuer leur pratique<\/em>.<\/p>\n\n\n\n<p><\/p>\n","protected":false},"excerpt":{"rendered":"<p>Notre affiliation \u00e0 l\u2019International Taekwon-Do Federation Nous sommes une association sportive d\u00e9clar\u00e9e en Pr\u00e9fecture qui promeut le Taekwon-Do ITF, art-martial cor\u00e9en, alliant tradition et valeurs \u00e9ducatives. Notre club est affili\u00e9 \u00e0 l\u2019International Taekwon-Do Federation (ITF), organisation fond\u00e9e par le G\u00e9n\u00e9ral Choi Hong Hi, cr\u00e9ateur du Taekwon-Do.L\u2019ITF a pour mission de pr\u00e9server l\u2019enseignement originel de cet &hellip; <\/p>\n<p class=\"link-more\"><a href=\"https:\/\/paristaekwondoclub.fr\/\" class=\"more-link\">Continue reading<span class=\"screen-reader-text\"> &#8220;Notre association&#8221;<\/span><\/a><\/p>\n","protected":false},"author":1,"featured_media":168,"parent":0,"menu_order":0,"comment_status":"closed","ping_status":"closed","template":"","meta":{"footnotes":""},"class_list":["post-33","page","type-page","status-publish","has-post-thumbnail","hentry"],"_links":{"self":[{"href":"https:\/\/paristaekwondoclub.fr\/index.php\/wp-json\/wp\/v2\/pages\/33","targetHints":{"allow":["GET"]}}],"collection":[{"href":"https:\/\/paristaekwondoclub.fr\/index.php\/wp-json\/wp\/v2\/pages"}],"about":[{"href":"https:\/\/paristaekwondoclub.fr\/index.php\/wp-json\/wp\/v2\/types\/page"}],"author":[{"embeddable":true,"href":"https:\/\/paristaekwondoclub.fr\/index.php\/wp-json\/wp\/v2\/users\/1"}],"replies":[{"embeddable":true,"href":"https:\/\/paristaekwondoclub.fr\/index.php\/wp-json\/wp\/v2\/comments?post=33"}],"version-history":[{"count":13,"href":"https:\/\/paristaekwondoclub.fr\/index.php\/wp-json\/wp\/v2\/pages\/33\/revisions"}],"predecessor-version":[{"id":351,"href":"https:\/\/paristaekwondoclub.fr\/index.php\/wp-json\/wp\/v2\/pages\/33\/revisions\/351"}],"wp:featuredmedia":[{"embeddable":true,"href":"https:\/\/paristaekwondoclub.fr\/index.php\/wp-json\/wp\/v2\/media\/168"}],"wp:attachment":[{"href":"https:\/\/paristaekwondoclub.fr\/index.php\/wp-json\/wp\/v2\/media?parent=33"}],"curies":[{"name":"wp","href":"https:\/\/api.w.org\/{rel}","templated":true}]}}